{"id":2674,"date":"2021-02-14T20:20:46","date_gmt":"2021-02-14T20:20:46","guid":{"rendered":"https:\/\/trytogiveback.org\/?page_id=2674"},"modified":"2021-02-18T11:42:15","modified_gmt":"2021-02-18T11:42:15","slug":"earth_overshoot","status":"publish","type":"page","link":"https:\/\/trytogiveback.org\/it\/earth_overshoot\/","title":{"rendered":"Sovraccarico del Pianeta"},"content":{"rendered":"<div data-elementor-type=\"wp-page\" data-elementor-id=\"2674\" class=\"elementor elementor-2674\">\n\t\t\t\t\t\t<section class=\"elementor-section elementor-top-section elementor-element elementor-element-e7bce23 elementor-section-boxed elementor-section-height-default elementor-section-height-default\" data-id=\"e7bce23\" data-element_type=\"section\" data-e-type=\"section\">\n\t\t\t\t\t\t<div class=\"elementor-container elementor-column-gap-default\">\n\t\t\t\t\t<div class=\"elementor-column elementor-col-100 elementor-top-column elementor-element elementor-element-c59908a\" data-id=\"c59908a\" data-element_type=\"column\" data-e-type=\"column\">\n\t\t\t<div class=\"elementor-widget-wrap elementor-element-populated\">\n\t\t\t\t\t\t<div class=\"elementor-element elementor-element-4488189 elementor-widget elementor-widget-heading\" data-id=\"4488189\" data-element_type=\"widget\" data-e-type=\"widget\" data-widget_type=\"heading.default\">\n\t\t\t\t<div class=\"elementor-widget-container\">\n\t\t\t\t\t<h2 class=\"elementor-heading-title elementor-size-default\">Earth Overshoot Day <\/h2>\t\t\t\t<\/div>\n\t\t\t\t<\/div>\n\t\t\t\t<div class=\"elementor-element elementor-element-0eeed36 elementor-widget-divider--view-line elementor-widget elementor-widget-divider\" data-id=\"0eeed36\" data-element_type=\"widget\" data-e-type=\"widget\" data-widget_type=\"divider.default\">\n\t\t\t\t<div class=\"elementor-widget-container\">\n\t\t\t\t\t\t\t<div class=\"elementor-divider\">\n\t\t\t<span class=\"elementor-divider-separator\">\n\t\t\t\t\t\t<\/span>\n\t\t<\/div>\n\t\t\t\t\t\t<\/div>\n\t\t\t\t<\/div>\n\t\t\t\t\t<\/div>\n\t\t<\/div>\n\t\t\t\t\t<\/div>\n\t\t<\/section>\n\t\t\t\t<section class=\"elementor-section elementor-top-section elementor-element elementor-element-eb59c1c elementor-section-boxed elementor-section-height-default elementor-section-height-default\" data-id=\"eb59c1c\" data-element_type=\"section\" data-e-type=\"section\">\n\t\t\t\t\t\t<div class=\"elementor-container elementor-column-gap-default\">\n\t\t\t\t\t<div class=\"elementor-column elementor-col-50 elementor-top-column elementor-element elementor-element-0eec1c9\" data-id=\"0eec1c9\" data-element_type=\"column\" data-e-type=\"column\">\n\t\t\t<div class=\"elementor-widget-wrap elementor-element-populated\">\n\t\t\t\t\t\t<div class=\"elementor-element elementor-element-d59e529 elementor-widget elementor-widget-image\" data-id=\"d59e529\" data-element_type=\"widget\" data-e-type=\"widget\" data-widget_type=\"image.default\">\n\t\t\t\t<div class=\"elementor-widget-container\">\n\t\t\t\t\t\t\t\t\t\t\t\t\t\t\t<img fetchpriority=\"high\" decoding=\"async\" width=\"800\" height=\"587\" src=\"https:\/\/trytogiveback.org\/wp-content\/uploads\/2021\/02\/2020_Past_EOD_full_year_small.png\" class=\"attachment-large size-large wp-image-2677\" alt=\"\" srcset=\"https:\/\/trytogiveback.org\/wp-content\/uploads\/2021\/02\/2020_Past_EOD_full_year_small.png 800w, https:\/\/trytogiveback.org\/wp-content\/uploads\/2021\/02\/2020_Past_EOD_full_year_small-300x220.png 300w, https:\/\/trytogiveback.org\/wp-content\/uploads\/2021\/02\/2020_Past_EOD_full_year_small-768x564.png 768w, https:\/\/trytogiveback.org\/wp-content\/uploads\/2021\/02\/2020_Past_EOD_full_year_small-16x12.png 16w\" sizes=\"(max-width: 800px) 100vw, 800px\" \/>\t\t\t\t\t\t\t\t\t\t\t\t\t\t\t<\/div>\n\t\t\t\t<\/div>\n\t\t\t\t\t<\/div>\n\t\t<\/div>\n\t\t\t\t<div class=\"elementor-column elementor-col-50 elementor-top-column elementor-element elementor-element-916c7ee\" data-id=\"916c7ee\" data-element_type=\"column\" data-e-type=\"column\">\n\t\t\t<div class=\"elementor-widget-wrap elementor-element-populated\">\n\t\t\t\t\t\t<div class=\"elementor-element elementor-element-bc4c510 elementor-widget elementor-widget-heading\" data-id=\"bc4c510\" data-element_type=\"widget\" data-e-type=\"widget\" data-widget_type=\"heading.default\">\n\t\t\t\t<div class=\"elementor-widget-container\">\n\t\t\t\t\t<h4 class=\"elementor-heading-title elementor-size-default\">Consumiamo pi\u00f9 risorse naturali di quanto il pianeta possa rigenerare<\/h4>\t\t\t\t<\/div>\n\t\t\t\t<\/div>\n\t\t\t\t<div class=\"elementor-element elementor-element-076f518 elementor-widget elementor-widget-text-editor\" data-id=\"076f518\" data-element_type=\"widget\" data-e-type=\"widget\" data-widget_type=\"text-editor.default\">\n\t\t\t\t<div class=\"elementor-widget-container\">\n\t\t\t\t\t\t\t\t\t<p>Earth Overshoot Day segna la data in cui la domanda dell'umanit\u00e0 di risorse e servizi ecologici in un dato anno supera ci\u00f2 che la Terra pu\u00f2 rigenerare in quell'anno.<\/p><p>Manteniamo questo deficit liquidando gli stock di risorse ecologiche e accumulando rifiuti, soprattutto anidride carbonica nell'atmosfera. L'Earth Overshoot Day \u00e8 ospitato e calcolato dal Global Footprint Network, un'organizzazione internazionale di ricerca che fornisce ai decisori un menu di strumenti per aiutare l'economia umana a operare entro i limiti ecologici della Terra.<\/p><p>Per determinare la data dell'Earth Overshoot Day di ogni anno, il Global Footprint Network calcola il numero di giorni di quell'anno in cui la biocapacit\u00e0 della Terra \u00e8 sufficiente a fornire l'impronta ecologica dell'umanit\u00e0. Il resto dell'anno corrisponde all'overshoot globale.<\/p>\t\t\t\t\t\t\t\t<\/div>\n\t\t\t\t<\/div>\n\t\t\t\t\t<\/div>\n\t\t<\/div>\n\t\t\t\t\t<\/div>\n\t\t<\/section>\n\t\t\t\t<section class=\"elementor-section elementor-top-section elementor-element elementor-element-0f9ea0b elementor-section-boxed elementor-section-height-default elementor-section-height-default\" data-id=\"0f9ea0b\" data-element_type=\"section\" data-e-type=\"section\">\n\t\t\t\t\t\t<div class=\"elementor-container elementor-column-gap-default\">\n\t\t\t\t\t<div class=\"elementor-column elementor-col-100 elementor-top-column elementor-element elementor-element-f2bee74\" data-id=\"f2bee74\" data-element_type=\"column\" data-e-type=\"column\">\n\t\t\t<div class=\"elementor-widget-wrap elementor-element-populated\">\n\t\t\t\t\t\t<div class=\"elementor-element elementor-element-2a6b29a elementor-widget elementor-widget-text-editor\" data-id=\"2a6b29a\" data-element_type=\"widget\" data-e-type=\"widget\" data-widget_type=\"text-editor.default\">\n\t\t\t\t<div class=\"elementor-widget-container\">\n\t\t\t\t\t\t\t\t\t<p>L'Earth Overshoot Day si calcola dividendo la biocapacit\u00e0 del pianeta (la quantit\u00e0 di risorse ecologiche che la Terra \u00e8 in grado di generare quell'anno), per l'Impronta Ecologica dell'umanit\u00e0 (la domanda dell'umanit\u00e0 per quell'anno), e moltiplicando per 365, il numero di giorni in un anno:<\/p><p>L'Earth Overshoot Day 2020 \u00e8 caduto il 22 Agosto. Per includere gli impatti della pandemia di Coronavirus di quest'anno, il Global Footprint Network ha combinato i dati pi\u00f9 affidabili e formato le ipotesi pi\u00f9 ragionevoli per valutare la situazione attuale delle risorse dell'umanit\u00e0.\u00a0<\/p><p><strong>Misurare la Ricchezza Ecologica<\/strong><\/p><p>Proprio come un estratto conto bancario traccia le entrate e le uscite, il Global Footprint Network misura la domanda di una popolazione e l'offerta di risorse e servizi da parte degli ecosistemi. Questi calcoli servono poi come base per calcolare l'Earth Overshoot Day.<\/p><p>Sul lato dell'offerta, la biocapacit\u00e0 di una citt\u00e0, di uno stato o di una nazione rappresenta la sua area di terra e di mare biologicamente produttiva, compresi i terreni forestali, i pascoli, i terreni coltivati, le zone di pesca e i terreni edificati.<\/p><p>Dal lato della domanda, l'Impronta ecologica misura la domanda di una popolazione per prodotti alimentari e fibre a base vegetale, bestiame e prodotti ittici, legname e altri prodotti forestali, spazio per le infrastrutture urbane e foreste per assorbire le sue emissioni di anidride carbonica dai combustibili fossili. Entrambe le misure sono espresse in ettari globali - ettari standardizzati e comparabili a livello mondiale con una produttivit\u00e0 media mondiale. Un ettaro equivale a 10.000 metri quadrati o 2,47 acri<\/p><p>L'impronta ecologica di ogni citt\u00e0, stato o nazione pu\u00f2 essere paragonata alla sua biocapacit\u00e0. Se la domanda di beni ecologici di una popolazione supera l'offerta, quella regione corre un deficit ecologico. Una regione in deficit ecologico soddisfa la domanda importando, liquidando le proprie risorse ecologiche (come la pesca eccessiva), e\/o emettendo diossido di carbonio nell'atmosfera.<\/p><p>A livello globale, il deficit ecologico e l'overshoot sono gli stessi, poich\u00e9 non c'\u00e8 importazione netta di risorse nel pianeta.<\/p><p>Impronta Ecologica\u00a0<\/p><p>L'Impronta Ecologica \u00e8 l'unica metrica che misura quanta natura abbiamo e quanta ne usiamo. L'Impronta aiuta:<\/p><p>PAESI per migliorare la sostenibilit\u00e0 e il benessere.<\/p><p>LEADER LOCALI per ottimizzare gli investimenti in progetti pubblici<\/p><p>\u00a0INDIVIDUALI per capire il loro impatto sul pianeta<\/p><p><strong>Consapevolezza ambientale\u00a0<\/strong><\/p><p>La consapevolezza ambientale \u00e8 comprendere la fragilit\u00e0 del nostro ambiente e l'importanza della sua protezione. Promuovere la consapevolezza ambientale \u00e8 un modo semplice per diventare un amministratore ambientale e partecipare alla creazione di un futuro pi\u00f9 luminoso per i nostri figli.<\/p><p><strong>Condividi la tua Conoscenza<\/strong><\/p><p>Dopo aver scelto una questione e averla istruita, coinvolgiamo la nostra comunit\u00e0, la nostra famiglia e i nostri amici in una conversazione sull'urgenza e l'importanza del problema. Coinvolgendo la nostra comunit\u00e0 nella conversazione, non solo promuoviamo la consapevolezza ambientale, ma possiamo anche trovare opportunit\u00e0 di partecipare a progetti comuni o di essere coinvolti in altre cause correlate.<\/p><p><strong>Fare la Differenza<\/strong><\/p><p>Una volta che siamo ben informati sulle questioni ambientali, possiamo usare questa conoscenza per iniziare progetti benefici nella nostra casa e\/o nella nostra comunit\u00e0.<\/p><p>Possibili idee di progetto<\/p><p>Invece di andare al lavoro o a scuola in macchina, prendiamo l'autobus, andiamo a piedi o in bicicletta per ridurre le emissioni di gas serra. Secondo l'EPA i trasporti contribuiscono al 33% della CO\u2082 atmosferica totale.<\/p><p>Consideriamo di investire in una tecnologia appropriata come l'energia pulita (solare o eolica), se non per la nostra casa allora forse per un centro comunitario. Questo supporta una transizione verso l'energia pulita e rinnovabile.<\/p><p>Compriamo prodotti riutilizzabili come bottiglie di vetro, borse riutilizzabili e bicchieri riutilizzabili. Evitiamo di comprare prodotti usa e getta come asciugamani di carta, bottiglie di plastica e sacchetti di plastica.<\/p><p>Iniziare il compostaggio e il riciclaggio, che aiuter\u00e0 a ridurre la nostra produzione di rifiuti.<\/p><p>Sostieniamo le imprese e gli agricoltori locali e compriamo cibo biologico e senza pesticidi quando possiamo. Oppure, iniziamo il nostro orto comunitario.<\/p>\t\t\t\t\t\t\t\t<\/div>\n\t\t\t\t<\/div>\n\t\t\t\t<div class=\"elementor-element elementor-element-6ab6486 elementor-widget elementor-widget-text-editor\" data-id=\"6ab6486\" data-element_type=\"widget\" data-e-type=\"widget\" data-widget_type=\"text-editor.default\">\n\t\t\t\t<div class=\"elementor-widget-container\">\n\t\t\t\t\t\t\t\t\t<p><strong>fonti:<\/strong><\/p><p><a href=\"https:\/\/www.overshootday.org\/about-earth-overshoot-day\/\" target=\"_blank\" rel=\"noopener\">www.overshootday.org\/about-earth-overshoot-day\/<\/a><\/p><p><a href=\"https:\/\/www.footprintnetwork.org\/our-work\/ecological-footprint\/\" target=\"_blank\" rel=\"noopener\">www.footprintnetwork.org\/our-work\/ecological-footprint\/<\/a><\/p><p><a href=\"https:\/\/www.pachamama.org\/environmental-awareness\" target=\"_blank\" rel=\"noopener\">www.pachamama.org\/environmental-awareness<\/a><\/p>\t\t\t\t\t\t\t\t<\/div>\n\t\t\t\t<\/div>\n\t\t\t\t\t<\/div>\n\t\t<\/div>\n\t\t\t\t\t<\/div>\n\t\t<\/section>\n\t\t\t\t<\/div>","protected":false},"excerpt":{"rendered":"<p>Earth Overshoot Day We consume more natural resources than the planet can regenerate Earth Overshoot Day marks the date when humanity\u2019s demand for ecological resources and services in a given year exceeds what Earth can regenerate in that year. We maintain this deficit by liquidating stocks of ecological resources and accumulating waste, primarily carbon dioxide [&hellip;]<\/p>\n","protected":false},"author":1,"featured_media":0,"parent":0,"menu_order":0,"comment_status":"closed","ping_status":"closed","template":"","meta":{"give_campaign_id":0,"_monsterinsights_skip_tracking":false,"_monsterinsights_sitenote_active":false,"_monsterinsights_sitenote_note":"","_monsterinsights_sitenote_category":0,"site-sidebar-layout":"no-sidebar","site-content-layout":"page-builder","ast-site-content-layout":"default","site-content-style":"default","site-sidebar-style":"default","ast-global-header-display":"","ast-banner-title-visibility":"","ast-main-header-display":"","ast-hfb-above-header-display":"","ast-hfb-below-header-display":"","ast-hfb-mobile-header-display":"","site-post-title":"disabled","ast-breadcrumbs-content":"","ast-featured-img":"disabled","footer-sml-layout":"","ast-disable-related-posts":"","theme-transparent-header-meta":"default","adv-header-id-meta":"","stick-header-meta":"","header-above-stick-meta":"","header-main-stick-meta":"","header-below-stick-meta":"","astra-migrate-meta-layouts":"default","ast-page-background-enabled":"default","ast-page-background-meta":{"desktop":{"background-color":"","background-image":"","background-repeat":"repeat","background-position":"center center","background-size":"auto","background-attachment":"scroll","background-type":"","background-media":"","overlay-type":"","overlay-color":"","overlay-opacity":"","overlay-gradient":""},"tablet":{"background-color":"","background-image":"","background-repeat":"repeat","background-position":"center center","background-size":"auto","background-attachment":"scroll","background-type":"","background-media":"","overlay-type":"","overlay-color":"","overlay-opacity":"","overlay-gradient":""},"mobile":{"background-color":"","background-image":"","background-repeat":"repeat","background-position":"center center","background-size":"auto","background-attachment":"scroll","background-type":"","background-media":"","overlay-type":"","overlay-color":"","overlay-opacity":"","overlay-gradient":""}},"ast-content-background-meta":{"desktop":{"background-color":"var(--ast-global-color-5)","background-image":"","background-repeat":"repeat","background-position":"center center","background-size":"auto","background-attachment":"scroll","background-type":"","background-media":"","overlay-type":"","overlay-color":"","overlay-opacity":"","overlay-gradient":""},"tablet":{"background-color":"var(--ast-global-color-5)","background-image":"","background-repeat":"repeat","background-position":"center center","background-size":"auto","background-attachment":"scroll","background-type":"","background-media":"","overlay-type":"","overlay-color":"","overlay-opacity":"","overlay-gradient":""},"mobile":{"background-color":"var(--ast-global-color-5)","background-image":"","background-repeat":"repeat","background-position":"center center","background-size":"auto","background-attachment":"scroll","background-type":"","background-media":"","overlay-type":"","overlay-color":"","overlay-opacity":"","overlay-gradient":""}},"footnotes":""},"class_list":["post-2674","page","type-page","status-publish","hentry"],"yoast_head":"<!-- This site is optimized with the Yoast SEO plugin v27.3 - https:\/\/yoast.com\/product\/yoast-seo-wordpress\/ -->\n<title>Earth Overshoot - Alveto Expedition<\/title>\n<meta name=\"robots\" content=\"index, follow, max-snippet:-1, max-image-preview:large, max-video-preview:-1\" \/>\n<link rel=\"canonical\" href=\"https:\/\/trytogiveback.org\/it\/earth_overshoot\/\" \/>\n<meta property=\"og:locale\" content=\"it_IT\" \/>\n<meta property=\"og:type\" content=\"article\" \/>\n<meta property=\"og:title\" content=\"Earth Overshoot - Alveto Expedition\" \/>\n<meta property=\"og:description\" content=\"Earth Overshoot Day We consume more natural resources than the planet can regenerate Earth Overshoot Day marks the date when humanity\u2019s demand for ecological resources and services in a given year exceeds what Earth can regenerate in that year. We maintain this deficit by liquidating stocks of ecological resources and accumulating waste, primarily carbon dioxide [&hellip;]\" \/>\n<meta property=\"og:url\" content=\"https:\/\/trytogiveback.org\/it\/earth_overshoot\/\" \/>\n<meta property=\"og:site_name\" content=\"Alveto Expedition\" \/>\n<meta property=\"article:modified_time\" content=\"2021-02-18T11:42:15+00:00\" \/>\n<meta property=\"og:image\" content=\"https:\/\/trytogiveback.org\/wp-content\/uploads\/2021\/02\/2020_Past_EOD_full_year_small.png\" \/>\n<meta name=\"twitter:card\" content=\"summary_large_image\" \/>\n<script type=\"application\/ld+json\" class=\"yoast-schema-graph\">{\"@context\":\"https:\\\/\\\/schema.org\",\"@graph\":[{\"@type\":\"WebPage\",\"@id\":\"https:\\\/\\\/trytogiveback.org\\\/earth_overshoot\\\/\",\"url\":\"https:\\\/\\\/trytogiveback.org\\\/earth_overshoot\\\/\",\"name\":\"Earth Overshoot - Alveto Expedition\",\"isPartOf\":{\"@id\":\"https:\\\/\\\/trytogiveback.org\\\/#website\"},\"primaryImageOfPage\":{\"@id\":\"https:\\\/\\\/trytogiveback.org\\\/earth_overshoot\\\/#primaryimage\"},\"image\":{\"@id\":\"https:\\\/\\\/trytogiveback.org\\\/earth_overshoot\\\/#primaryimage\"},\"thumbnailUrl\":\"https:\\\/\\\/trytogiveback.org\\\/wp-content\\\/uploads\\\/2021\\\/02\\\/2020_Past_EOD_full_year_small.png\",\"datePublished\":\"2021-02-14T20:20:46+00:00\",\"dateModified\":\"2021-02-18T11:42:15+00:00\",\"breadcrumb\":{\"@id\":\"https:\\\/\\\/trytogiveback.org\\\/earth_overshoot\\\/#breadcrumb\"},\"inLanguage\":\"it-IT\",\"potentialAction\":[{\"@type\":\"ReadAction\",\"target\":[\"https:\\\/\\\/trytogiveback.org\\\/earth_overshoot\\\/\"]}]},{\"@type\":\"ImageObject\",\"inLanguage\":\"it-IT\",\"@id\":\"https:\\\/\\\/trytogiveback.org\\\/earth_overshoot\\\/#primaryimage\",\"url\":\"https:\\\/\\\/trytogiveback.org\\\/wp-content\\\/uploads\\\/2021\\\/02\\\/2020_Past_EOD_full_year_small.png\",\"contentUrl\":\"https:\\\/\\\/trytogiveback.org\\\/wp-content\\\/uploads\\\/2021\\\/02\\\/2020_Past_EOD_full_year_small.png\"},{\"@type\":\"BreadcrumbList\",\"@id\":\"https:\\\/\\\/trytogiveback.org\\\/earth_overshoot\\\/#breadcrumb\",\"itemListElement\":[{\"@type\":\"ListItem\",\"position\":1,\"name\":\"Home\",\"item\":\"https:\\\/\\\/trytogiveback.org\\\/\"},{\"@type\":\"ListItem\",\"position\":2,\"name\":\"Earth Overshoot\"}]},{\"@type\":\"WebSite\",\"@id\":\"https:\\\/\\\/trytogiveback.org\\\/#website\",\"url\":\"https:\\\/\\\/trytogiveback.org\\\/\",\"name\":\"Alveto Expedition\",\"description\":\"Be the Change you Want to see in the World\",\"publisher\":{\"@id\":\"https:\\\/\\\/trytogiveback.org\\\/#organization\"},\"potentialAction\":[{\"@type\":\"SearchAction\",\"target\":{\"@type\":\"EntryPoint\",\"urlTemplate\":\"https:\\\/\\\/trytogiveback.org\\\/?s={search_term_string}\"},\"query-input\":{\"@type\":\"PropertyValueSpecification\",\"valueRequired\":true,\"valueName\":\"search_term_string\"}}],\"inLanguage\":\"it-IT\"},{\"@type\":\"Organization\",\"@id\":\"https:\\\/\\\/trytogiveback.org\\\/#organization\",\"name\":\"Try to Give Back\",\"url\":\"https:\\\/\\\/trytogiveback.org\\\/\",\"logo\":{\"@type\":\"ImageObject\",\"inLanguage\":\"it-IT\",\"@id\":\"https:\\\/\\\/trytogiveback.org\\\/#\\\/schema\\\/logo\\\/image\\\/\",\"url\":\"https:\\\/\\\/trytogiveback.org\\\/wp-content\\\/uploads\\\/2020\\\/11\\\/TRY-TO-GB-LOGO-blu-lighter.png\",\"contentUrl\":\"https:\\\/\\\/trytogiveback.org\\\/wp-content\\\/uploads\\\/2020\\\/11\\\/TRY-TO-GB-LOGO-blu-lighter.png\",\"width\":7712,\"height\":2000,\"caption\":\"Try to Give Back\"},\"image\":{\"@id\":\"https:\\\/\\\/trytogiveback.org\\\/#\\\/schema\\\/logo\\\/image\\\/\"},\"sameAs\":[\"https:\\\/\\\/www.instagram.com\\\/trytogiveback\"]}]}<\/script>\n<!-- \/ Yoast SEO plugin. -->","yoast_head_json":{"title":"Earth Overshoot - Alveto Expedition","robots":{"index":"index","follow":"follow","max-snippet":"max-snippet:-1","max-image-preview":"max-image-preview:large","max-video-preview":"max-video-preview:-1"},"canonical":"https:\/\/trytogiveback.org\/it\/earth_overshoot\/","og_locale":"it_IT","og_type":"article","og_title":"Earth Overshoot - Alveto Expedition","og_description":"Earth Overshoot Day We consume more natural resources than the planet can regenerate Earth Overshoot Day marks the date when humanity\u2019s demand for ecological resources and services in a given year exceeds what Earth can regenerate in that year. We maintain this deficit by liquidating stocks of ecological resources and accumulating waste, primarily carbon dioxide [&hellip;]","og_url":"https:\/\/trytogiveback.org\/it\/earth_overshoot\/","og_site_name":"Alveto Expedition","article_modified_time":"2021-02-18T11:42:15+00:00","og_image":[{"url":"https:\/\/trytogiveback.org\/wp-content\/uploads\/2021\/02\/2020_Past_EOD_full_year_small.png","type":"","width":"","height":""}],"twitter_card":"summary_large_image","schema":{"@context":"https:\/\/schema.org","@graph":[{"@type":"WebPage","@id":"https:\/\/trytogiveback.org\/earth_overshoot\/","url":"https:\/\/trytogiveback.org\/earth_overshoot\/","name":"Earth Overshoot - Alveto Expedition","isPartOf":{"@id":"https:\/\/trytogiveback.org\/#website"},"primaryImageOfPage":{"@id":"https:\/\/trytogiveback.org\/earth_overshoot\/#primaryimage"},"image":{"@id":"https:\/\/trytogiveback.org\/earth_overshoot\/#primaryimage"},"thumbnailUrl":"https:\/\/trytogiveback.org\/wp-content\/uploads\/2021\/02\/2020_Past_EOD_full_year_small.png","datePublished":"2021-02-14T20:20:46+00:00","dateModified":"2021-02-18T11:42:15+00:00","breadcrumb":{"@id":"https:\/\/trytogiveback.org\/earth_overshoot\/#breadcrumb"},"inLanguage":"it-IT","potentialAction":[{"@type":"ReadAction","target":["https:\/\/trytogiveback.org\/earth_overshoot\/"]}]},{"@type":"ImageObject","inLanguage":"it-IT","@id":"https:\/\/trytogiveback.org\/earth_overshoot\/#primaryimage","url":"https:\/\/trytogiveback.org\/wp-content\/uploads\/2021\/02\/2020_Past_EOD_full_year_small.png","contentUrl":"https:\/\/trytogiveback.org\/wp-content\/uploads\/2021\/02\/2020_Past_EOD_full_year_small.png"},{"@type":"BreadcrumbList","@id":"https:\/\/trytogiveback.org\/earth_overshoot\/#breadcrumb","itemListElement":[{"@type":"ListItem","position":1,"name":"Home","item":"https:\/\/trytogiveback.org\/"},{"@type":"ListItem","position":2,"name":"Earth Overshoot"}]},{"@type":"WebSite","@id":"https:\/\/trytogiveback.org\/#website","url":"https:\/\/trytogiveback.org\/","name":"Alveto Expedition","description":"Be the Change you Want to see in the World","publisher":{"@id":"https:\/\/trytogiveback.org\/#organization"},"potentialAction":[{"@type":"SearchAction","target":{"@type":"EntryPoint","urlTemplate":"https:\/\/trytogiveback.org\/?s={search_term_string}"},"query-input":{"@type":"PropertyValueSpecification","valueRequired":true,"valueName":"search_term_string"}}],"inLanguage":"it-IT"},{"@type":"Organization","@id":"https:\/\/trytogiveback.org\/#organization","name":"Try to Give Back","url":"https:\/\/trytogiveback.org\/","logo":{"@type":"ImageObject","inLanguage":"it-IT","@id":"https:\/\/trytogiveback.org\/#\/schema\/logo\/image\/","url":"https:\/\/trytogiveback.org\/wp-content\/uploads\/2020\/11\/TRY-TO-GB-LOGO-blu-lighter.png","contentUrl":"https:\/\/trytogiveback.org\/wp-content\/uploads\/2020\/11\/TRY-TO-GB-LOGO-blu-lighter.png","width":7712,"height":2000,"caption":"Try to Give Back"},"image":{"@id":"https:\/\/trytogiveback.org\/#\/schema\/logo\/image\/"},"sameAs":["https:\/\/www.instagram.com\/trytogiveback"]}]}},"campaignId":"","jetpack_sharing_enabled":true,"_links":{"self":[{"href":"https:\/\/trytogiveback.org\/it\/wp-json\/wp\/v2\/pages\/2674","targetHints":{"allow":["GET"]}}],"collection":[{"href":"https:\/\/trytogiveback.org\/it\/wp-json\/wp\/v2\/pages"}],"about":[{"href":"https:\/\/trytogiveback.org\/it\/wp-json\/wp\/v2\/types\/page"}],"author":[{"embeddable":true,"href":"https:\/\/trytogiveback.org\/it\/wp-json\/wp\/v2\/users\/1"}],"replies":[{"embeddable":true,"href":"https:\/\/trytogiveback.org\/it\/wp-json\/wp\/v2\/comments?post=2674"}],"version-history":[{"count":11,"href":"https:\/\/trytogiveback.org\/it\/wp-json\/wp\/v2\/pages\/2674\/revisions"}],"predecessor-version":[{"id":2922,"href":"https:\/\/trytogiveback.org\/it\/wp-json\/wp\/v2\/pages\/2674\/revisions\/2922"}],"wp:attachment":[{"href":"https:\/\/trytogiveback.org\/it\/wp-json\/wp\/v2\/media?parent=2674"}],"curies":[{"name":"wp","href":"https:\/\/api.w.org\/{rel}","templated":true}]}}