{"id":2557,"date":"2021-02-13T10:17:01","date_gmt":"2021-02-13T10:17:01","guid":{"rendered":"https:\/\/trytogiveback.org\/?page_id=2557"},"modified":"2021-02-18T21:01:21","modified_gmt":"2021-02-18T21:01:21","slug":"sustainable_living","status":"publish","type":"page","link":"https:\/\/trytogiveback.org\/it\/sustainable_living\/","title":{"rendered":"Vivere Sostenibile"},"content":{"rendered":"<div data-elementor-type=\"wp-page\" data-elementor-id=\"2557\" class=\"elementor elementor-2557\">\n\t\t\t\t\t\t<section class=\"elementor-section elementor-top-section elementor-element elementor-element-e7bce23 elementor-section-boxed elementor-section-height-default elementor-section-height-default\" data-id=\"e7bce23\" data-element_type=\"section\" data-e-type=\"section\">\n\t\t\t\t\t\t<div class=\"elementor-container elementor-column-gap-default\">\n\t\t\t\t\t<div class=\"elementor-column elementor-col-100 elementor-top-column elementor-element elementor-element-c59908a\" data-id=\"c59908a\" data-element_type=\"column\" data-e-type=\"column\">\n\t\t\t<div class=\"elementor-widget-wrap elementor-element-populated\">\n\t\t\t\t\t\t<div class=\"elementor-element elementor-element-4488189 elementor-widget elementor-widget-heading\" data-id=\"4488189\" data-element_type=\"widget\" data-e-type=\"widget\" data-widget_type=\"heading.default\">\n\t\t\t\t<div class=\"elementor-widget-container\">\n\t\t\t\t\t<h2 class=\"elementor-heading-title elementor-size-default\">MODI PER VIVERE UNO STILE DI VITA PI\u00d9 SOSTENIBILE<\/h2>\t\t\t\t<\/div>\n\t\t\t\t<\/div>\n\t\t\t\t<div class=\"elementor-element elementor-element-0eeed36 elementor-widget-divider--view-line elementor-widget elementor-widget-divider\" data-id=\"0eeed36\" data-element_type=\"widget\" data-e-type=\"widget\" data-widget_type=\"divider.default\">\n\t\t\t\t<div class=\"elementor-widget-container\">\n\t\t\t\t\t\t\t<div class=\"elementor-divider\">\n\t\t\t<span class=\"elementor-divider-separator\">\n\t\t\t\t\t\t<\/span>\n\t\t<\/div>\n\t\t\t\t\t\t<\/div>\n\t\t\t\t<\/div>\n\t\t\t\t\t<\/div>\n\t\t<\/div>\n\t\t\t\t\t<\/div>\n\t\t<\/section>\n\t\t\t\t<section class=\"elementor-section elementor-top-section elementor-element elementor-element-eb59c1c elementor-section-boxed elementor-section-height-default elementor-section-height-default\" data-id=\"eb59c1c\" data-element_type=\"section\" data-e-type=\"section\">\n\t\t\t\t\t\t<div class=\"elementor-container elementor-column-gap-default\">\n\t\t\t\t\t<div class=\"elementor-column elementor-col-50 elementor-top-column elementor-element elementor-element-0eec1c9\" data-id=\"0eec1c9\" data-element_type=\"column\" data-e-type=\"column\">\n\t\t\t<div class=\"elementor-widget-wrap elementor-element-populated\">\n\t\t\t\t\t\t<div class=\"elementor-element elementor-element-d59e529 elementor-widget elementor-widget-image\" data-id=\"d59e529\" data-element_type=\"widget\" data-e-type=\"widget\" data-widget_type=\"image.default\">\n\t\t\t\t<div class=\"elementor-widget-container\">\n\t\t\t\t\t\t\t\t\t\t\t\t\t\t\t<img fetchpriority=\"high\" decoding=\"async\" width=\"1024\" height=\"648\" src=\"https:\/\/trytogiveback.org\/wp-content\/uploads\/2021\/02\/hands-4091879_1280-1024x648.jpg\" class=\"attachment-large size-large wp-image-2476\" alt=\"\" srcset=\"https:\/\/trytogiveback.org\/wp-content\/uploads\/2021\/02\/hands-4091879_1280-1024x648.jpg 1024w, https:\/\/trytogiveback.org\/wp-content\/uploads\/2021\/02\/hands-4091879_1280-300x190.jpg 300w, https:\/\/trytogiveback.org\/wp-content\/uploads\/2021\/02\/hands-4091879_1280-768x486.jpg 768w, https:\/\/trytogiveback.org\/wp-content\/uploads\/2021\/02\/hands-4091879_1280-16x10.jpg 16w, https:\/\/trytogiveback.org\/wp-content\/uploads\/2021\/02\/hands-4091879_1280.jpg 1280w\" sizes=\"(max-width: 1024px) 100vw, 1024px\" \/>\t\t\t\t\t\t\t\t\t\t\t\t\t\t\t<\/div>\n\t\t\t\t<\/div>\n\t\t\t\t\t<\/div>\n\t\t<\/div>\n\t\t\t\t<div class=\"elementor-column elementor-col-50 elementor-top-column elementor-element elementor-element-916c7ee\" data-id=\"916c7ee\" data-element_type=\"column\" data-e-type=\"column\">\n\t\t\t<div class=\"elementor-widget-wrap elementor-element-populated\">\n\t\t\t\t\t\t<div class=\"elementor-element elementor-element-bc4c510 elementor-widget elementor-widget-heading\" data-id=\"bc4c510\" data-element_type=\"widget\" data-e-type=\"widget\" data-widget_type=\"heading.default\">\n\t\t\t\t<div class=\"elementor-widget-container\">\n\t\t\t\t\t<h4 class=\"elementor-heading-title elementor-size-default\">La vita sostenibile implica la riduzione della quantit\u00e0 di risorse della Terra che usiamo, per  proteggere il nostro pianeta<\/h4>\t\t\t\t<\/div>\n\t\t\t\t<\/div>\n\t\t\t\t<div class=\"elementor-element elementor-element-076f518 elementor-widget elementor-widget-text-editor\" data-id=\"076f518\" data-element_type=\"widget\" data-e-type=\"widget\" data-widget_type=\"text-editor.default\">\n\t\t\t\t<div class=\"elementor-widget-container\">\n\t\t\t\t\t\t\t\t\t<p>La gente sta cominciando a capire che dobbiamo diventare pi\u00f9 sostenibili per proteggere la Terra per le generazioni future. Tutto quello che facciamo nella vita quotidiana ha un impatto sul pianeta, dal cibo che mangiamo all'auto che guidiamo. Questo non significa che dovremmo mangiare solo verdure e iniziare ad andare in bicicletta ovunque, anche se potremmo provare a consumare meno carne e a guidare solo se necessario. Sono piccoli cambiamenti come questi che potrebbero aiutarci a ridurre il nostro impatto ambientale.<\/p>\t\t\t\t\t\t\t\t<\/div>\n\t\t\t\t<\/div>\n\t\t\t\t\t<\/div>\n\t\t<\/div>\n\t\t\t\t\t<\/div>\n\t\t<\/section>\n\t\t\t\t<section class=\"elementor-section elementor-top-section elementor-element elementor-element-0f9ea0b elementor-section-boxed elementor-section-height-default elementor-section-height-default\" data-id=\"0f9ea0b\" data-element_type=\"section\" data-e-type=\"section\">\n\t\t\t\t\t\t<div class=\"elementor-container elementor-column-gap-default\">\n\t\t\t\t\t<div class=\"elementor-column elementor-col-100 elementor-top-column elementor-element elementor-element-f2bee74\" data-id=\"f2bee74\" data-element_type=\"column\" data-e-type=\"column\">\n\t\t\t<div class=\"elementor-widget-wrap elementor-element-populated\">\n\t\t\t\t\t\t<div class=\"elementor-element elementor-element-2a6b29a elementor-widget elementor-widget-text-editor\" data-id=\"2a6b29a\" data-element_type=\"widget\" data-e-type=\"widget\" data-widget_type=\"text-editor.default\">\n\t\t\t\t<div class=\"elementor-widget-container\">\n\t\t\t\t\t\t\t\t\t<p><strong>Cos'\u00e8 la vita sostenibile?<\/strong><\/p><p>Vivere in modo sostenibile significa ridurre la quantit\u00e0 di risorse della Terra che usiamo, per aiutare a proteggerla. Ci sono diversi modi per farlo, tra cui limitare la quantit\u00e0 di energia che usiamo, utilizzare prodotti ecologici, cambiare la nostra dieta e cercare di avere il minor impatto possibile sulla Terra, cercando anche di sostituire le risorse che usiamo.<\/p><p><strong>Come vivere uno stile di vita pi\u00f9 sostenibile:<\/strong><\/p><p><strong>1. Mangiare meno carne<\/strong><\/p><p>La produzione di carne \u00e8 uno dei maggiori responsabili del cambiamento climatico e dell'inquinamento dei paesaggi e dei corsi d'acqua. Mangiandone meno, possiamo contribuire a ridurre l'impatto dell'industria della carne sulla Terra.<\/p><p>Sapevi che il 71% della terra del nostro pianeta \u00e8 considerato abitabile e che la met\u00e0 di questa superfice \u00e8 usata per l'agricoltura? Di questa met\u00e0, il 77% \u00e8 usato per il bestiame, sia come terreno per il pascolo che come terreno per coltivare i mangimi. Tuttavia, nonostante occupino una percentuale cos\u00ec alta di terreno agricolo, la carne e i latticini costituiscono solo il 17% dell'offerta calorica globale e solo il 33% dell'offerta proteica globale.\u00a0<\/p><p>L'agricoltura animale industrializzata governa l'attuale sistema alimentare mondiale ed \u00e8 responsabile della distruzione diffusa degli habitat, comprese le foreste pluviali, dell'inquinamento dannoso dell'aria e dell'acqua, dell'estinzione delle specie e contribuisce enormemente al cambiamento climatico, aggiungendo all'atmosfera pi\u00f9 emissioni nocive di gas serra che l'intero settore dei trasporti messo insieme.<\/p><p><strong>2. Utilizzare prodotti alternativi alla plastica<\/strong><\/p><p>I prodotti monouso, in particolare quelli di plastica, tendono a finire nelle discariche e nell'oceano, causando danni alla fauna e all'ambiente.  Scegliamo invece di usare prodotti alternativi ed ecologici.<\/p><p><u>Prodotti ecologici da usare tutti i giorni:<\/u><\/p><p>* Una bottiglia d'acqua riutilizzabile<\/p><p>* Borse della spesa riutilizzabili<\/p><p>* Eco bio cosmesi - fatta di prodotti naturali senza l'uso di imballaggi di plastica<\/p><p>* Cannucce riutilizzabili in metallo, silicone, bamb\u00f9 o vetro<\/p><p>* Batterie ricaricabili<\/p><p>* Avvolgimenti di cera per avvolgere gli avanzi o i panini, invece della pellicola trasparente e dei sacchetti di plastica<\/p><p>* Uno spazzolino da denti di bamb\u00f9 e cotton fioc di bamb\u00f9<\/p><p><strong>3. Risparmiare energia<\/strong><\/p><p>Usando meno energia, si pu\u00f2 contribuire a ridurre le emissioni di carbonio.<\/p><p><u>Ci sono diversi modi per risparmiare energia in casa:<\/u><\/p><p>* Passare a elettrodomestici ad alta efficienza energetica come le lampadine a risparmio energetico<\/p><p>* Spegnere le luci non necessarie e scollegare gli apparecchi elettronici inutilizzati<\/p><p>* Utilizzare la luce naturale<\/p><p>* Appendere i vestiti ad asciugare invece di usare un'asciugatrice<\/p><p>* Ridurre l'uso di riscaldamento e aria condizionata<\/p><p><strong>4. Risparmiare acqua<\/strong><\/p><p>\u00c8 possibile risparmiare acqua all'interno e al di fuori della propria casa facendo una serie di piccoli cambiamenti:<\/p><p>* Installare un serbatoio d'acqua per il raccoglimento di acque pluviali e utilizzarle per evitare lo spreco di acqua potabile<\/p><p>* Fare docce pi\u00f9 brevi, chiudere l'acqua mentre ci si lava i denti o ci si rade.<\/p><p>* Riparare rubinetti, gabinetti, elettrodomestici e irrigatori che perdono.<\/p><p>* Acquistare rubinetti, lavatrici, gabinetti e lavastoviglie a basso consumo d'acqua.<\/p><p>* Installare un sistema d'irrigazione intelligente del prato e piantare specie di piante native nel giardino<\/p><p><strong>5. Evitare l'utilizzo di carta<\/strong><\/p><p>Per evitare lo spreco di carta, scegliamo di ricevere lettere via e-mail e stampiamo i documenti solo se necessario. Potremmo anche chiedere ai negozi di inviarci la ricevuta via e-mail invece di stamparla.\u00a0<\/p><p><strong>6. Usare energia rinnovabile<\/strong><\/p><p>Se possibile, consideriamo di alimentare la nostra casa usando energia rinnovabile, come ad esempio pannelli solari, per ridurre la quantit\u00e0 di emissioni di carbonio che produciamo. Anche la sostituzione dell'auto a benzina o diesel con una ibrida aiuterebbe a raggiungere questo obiettivo.<\/p><p><strong>7. Riciclare e riutilizzare<\/strong><\/p><p>Assicuriamoci di riciclare mettendo la spazzatura nei bidoni giusti. Inoltre, cerchiamo di riutilizzare i prodotti e gli oggetti il pi\u00f9 possibile prima di buttarli via per ridurre i rifiuti.<\/p><p><strong>8. Compost dei rifiuti alimentari<\/strong><\/p><p>Il compost \u00e8 materiale organico che pu\u00f2 essere aggiunto al terreno per aiutare le piante a crescere. Gli scarti di cibo e i rifiuti del giardino insieme costituiscono attualmente pi\u00f9 del 30% di ci\u00f2 che la gente butta via, e potrebbero invece essere compostati. Fare il compost consente di tenere questi materiali fuori dalle discariche dove occupano spazio e rilasciano metano - un potente gas serra.<\/p><p><strong>9. Coltivare i propri prodotti se possibile<\/strong><\/p><p>Coltivando la propria frutta e verdura, ci si assicura di non usare pesticidi che contribuiscono all'inquinamento dell'acqua e dell'aria. Questo aiuter\u00e0 anche a ridurre la quantit\u00e0 di combustibili fossili utilizzati per trasportare i prodotti ai supermercati.<\/p><p><strong>10. Donare oggetti inutilizzati<\/strong><\/p><p>Se non usiamo pi\u00f9 un prodotto o un capo d'abbigliamento, doniamoli in beneficenza o a qualcuno che sappiamo che ne farebbe uso.<\/p><p><strong>11. Comprare prodotti del commercio equo e solidale<\/strong><\/p><p>Quando un prodotto \u00e8 stato certificato Fairtrade significa che \u00e8 stato prodotto da un'azienda impegnata nella produzione sostenibile. \nCerchiamo il marchio del commercio equo e solidale sulla confezione dei prodotti che compriamo.<\/p><p><strong>12. Camminare di pi\u00f9 o andare in bicicletta<\/strong><\/p><p>Camminare o andare in bicicletta invece di guidare, se \u00e8 abbastanza vicino, \u00e8 meglio per l'ambiente e per la salute. Usare il trasporto pubblico \u00e8 un altro buon modo per contribuire a ridurre le emissioni di gas serra.<\/p><p><strong>13. Non sprecare il cibo<\/strong><\/p><p>Se abbiamo degli avanzi, non buttiamoli via! Conserviamoli per il pranzo del giorno dopo, o addirittura congeliamoli. Tuttavia, se dovessero scadere, usiamoli per creare del compost per il nostro giardino.<\/p><p><strong>14. Indossare abiti sostenibili<\/strong><\/p><p>L'industria della moda \u00e8 una delle principali industrie inquinanti del mondo. Per diminuire l'impatto di questa industria sul pianeta, potremmo comprare pi\u00f9 vestiti nei negozi di beneficenza e nei negozi di abbigliamento sostenibile.<\/p><p><strong>15. Usare prodotti di pulizia ecologici<\/strong><\/p><p>Alcuni prodotti per la pulizia contengono sostanze chimiche che possono essere dannose per l'ambiente. Impegnandosi a usare prodotti di pulizia verdi\/eco-friendly, si pu\u00f2 evitare che le sostanze chimiche abbiano un impatto negativo sulla Terra.<\/p>\t\t\t\t\t\t\t\t<\/div>\n\t\t\t\t<\/div>\n\t\t\t\t<div class=\"elementor-element elementor-element-6ab6486 elementor-widget elementor-widget-text-editor\" data-id=\"6ab6486\" data-element_type=\"widget\" data-e-type=\"widget\" data-widget_type=\"text-editor.default\">\n\t\t\t\t<div class=\"elementor-widget-container\">\n\t\t\t\t\t\t\t\t\t<p><strong>fonti:<\/strong><\/p><p><a href=\"https:\/\/www.wessexwater.co.uk\/community\/blog\/14-ways-to-live-a-more-sustainable-lifestyle\" target=\"_blank\" rel=\"noopener\">www.wessexwater.co.uk\/community\/blog\/14-ways-to-live-a-more-sustainable-lifestyle<\/a><\/p><p><a href=\"https:\/\/www.onegreenplanet.org\/news\/chart-shows-worlds-land-used\/\" target=\"_blank\" rel=\"noopener\">www.onegreenplanet.org\/news\/chart-shows-worlds-land-used\/<\/a><\/p>\t\t\t\t\t\t\t\t<\/div>\n\t\t\t\t<\/div>\n\t\t\t\t\t<\/div>\n\t\t<\/div>\n\t\t\t\t\t<\/div>\n\t\t<\/section>\n\t\t\t\t<\/div>","protected":false},"excerpt":{"rendered":"<p>WAYS TO LIVE A MORE SUSTAINABLE LIFESTYLE Sustainable living involves reducing the amount of Earth\u2019s resources that you use to help protect our planet People are starting to come around to the idea that we need to become more sustainable to protect the Earth for future generations. Everything you do in your day-to-day life has [&hellip;]<\/p>\n","protected":false},"author":1,"featured_media":0,"parent":0,"menu_order":0,"comment_status":"closed","ping_status":"closed","template":"","meta":{"give_campaign_id":0,"_monsterinsights_skip_tracking":false,"_monsterinsights_sitenote_active":false,"_monsterinsights_sitenote_note":"","_monsterinsights_sitenote_category":0,"site-sidebar-layout":"no-sidebar","site-content-layout":"page-builder","ast-site-content-layout":"default","site-content-style":"default","site-sidebar-style":"default","ast-global-header-display":"","ast-banner-title-visibility":"","ast-main-header-display":"","ast-hfb-above-header-display":"","ast-hfb-below-header-display":"","ast-hfb-mobile-header-display":"","site-post-title":"disabled","ast-breadcrumbs-content":"","ast-featured-img":"disabled","footer-sml-layout":"","ast-disable-related-posts":"","theme-transparent-header-meta":"default","adv-header-id-meta":"","stick-header-meta":"","header-above-stick-meta":"","header-main-stick-meta":"","header-below-stick-meta":"","astra-migrate-meta-layouts":"default","ast-page-background-enabled":"default","ast-page-background-meta":{"desktop":{"background-color":"","background-image":"","background-repeat":"repeat","background-position":"center center","background-size":"auto","background-attachment":"scroll","background-type":"","background-media":"","overlay-type":"","overlay-color":"","overlay-opacity":"","overlay-gradient":""},"tablet":{"background-color":"","background-image":"","background-repeat":"repeat","background-position":"center center","background-size":"auto","background-attachment":"scroll","background-type":"","background-media":"","overlay-type":"","overlay-color":"","overlay-opacity":"","overlay-gradient":""},"mobile":{"background-color":"","background-image":"","background-repeat":"repeat","background-position":"center center","background-size":"auto","background-attachment":"scroll","background-type":"","background-media":"","overlay-type":"","overlay-color":"","overlay-opacity":"","overlay-gradient":""}},"ast-content-background-meta":{"desktop":{"background-color":"var(--ast-global-color-5)","background-image":"","background-repeat":"repeat","background-position":"center center","background-size":"auto","background-attachment":"scroll","background-type":"","background-media":"","overlay-type":"","overlay-color":"","overlay-opacity":"","overlay-gradient":""},"tablet":{"background-color":"var(--ast-global-color-5)","background-image":"","background-repeat":"repeat","background-position":"center center","background-size":"auto","background-attachment":"scroll","background-type":"","background-media":"","overlay-type":"","overlay-color":"","overlay-opacity":"","overlay-gradient":""},"mobile":{"background-color":"var(--ast-global-color-5)","background-image":"","background-repeat":"repeat","background-position":"center center","background-size":"auto","background-attachment":"scroll","background-type":"","background-media":"","overlay-type":"","overlay-color":"","overlay-opacity":"","overlay-gradient":""}},"footnotes":""},"class_list":["post-2557","page","type-page","status-publish","hentry"],"yoast_head":"<!-- This site is optimized with the Yoast SEO plugin v27.3 - https:\/\/yoast.com\/product\/yoast-seo-wordpress\/ -->\n<title>Sustainable Living - Alveto Expedition<\/title>\n<meta name=\"robots\" content=\"index, follow, max-snippet:-1, max-image-preview:large, max-video-preview:-1\" \/>\n<link rel=\"canonical\" href=\"https:\/\/trytogiveback.org\/it\/sustainable_living\/\" \/>\n<meta property=\"og:locale\" content=\"it_IT\" \/>\n<meta property=\"og:type\" content=\"article\" \/>\n<meta property=\"og:title\" content=\"Sustainable Living - Alveto Expedition\" \/>\n<meta property=\"og:description\" content=\"WAYS TO LIVE A MORE SUSTAINABLE LIFESTYLE Sustainable living involves reducing the amount of Earth\u2019s resources that you use to help protect our planet People are starting to come around to the idea that we need to become more sustainable to protect the Earth for future generations. Everything you do in your day-to-day life has [&hellip;]\" \/>\n<meta property=\"og:url\" content=\"https:\/\/trytogiveback.org\/it\/sustainable_living\/\" \/>\n<meta property=\"og:site_name\" content=\"Alveto Expedition\" \/>\n<meta property=\"article:modified_time\" content=\"2021-02-18T21:01:21+00:00\" \/>\n<meta property=\"og:image\" content=\"https:\/\/trytogiveback.org\/wp-content\/uploads\/2021\/02\/hands-4091879_1280-1024x648.jpg\" \/>\n<meta name=\"twitter:card\" content=\"summary_large_image\" \/>\n<script type=\"application\/ld+json\" class=\"yoast-schema-graph\">{\"@context\":\"https:\\\/\\\/schema.org\",\"@graph\":[{\"@type\":\"WebPage\",\"@id\":\"https:\\\/\\\/trytogiveback.org\\\/sustainable_living\\\/\",\"url\":\"https:\\\/\\\/trytogiveback.org\\\/sustainable_living\\\/\",\"name\":\"Sustainable Living - Alveto Expedition\",\"isPartOf\":{\"@id\":\"https:\\\/\\\/trytogiveback.org\\\/#website\"},\"primaryImageOfPage\":{\"@id\":\"https:\\\/\\\/trytogiveback.org\\\/sustainable_living\\\/#primaryimage\"},\"image\":{\"@id\":\"https:\\\/\\\/trytogiveback.org\\\/sustainable_living\\\/#primaryimage\"},\"thumbnailUrl\":\"https:\\\/\\\/trytogiveback.org\\\/wp-content\\\/uploads\\\/2021\\\/02\\\/hands-4091879_1280-1024x648.jpg\",\"datePublished\":\"2021-02-13T10:17:01+00:00\",\"dateModified\":\"2021-02-18T21:01:21+00:00\",\"breadcrumb\":{\"@id\":\"https:\\\/\\\/trytogiveback.org\\\/sustainable_living\\\/#breadcrumb\"},\"inLanguage\":\"it-IT\",\"potentialAction\":[{\"@type\":\"ReadAction\",\"target\":[\"https:\\\/\\\/trytogiveback.org\\\/sustainable_living\\\/\"]}]},{\"@type\":\"ImageObject\",\"inLanguage\":\"it-IT\",\"@id\":\"https:\\\/\\\/trytogiveback.org\\\/sustainable_living\\\/#primaryimage\",\"url\":\"https:\\\/\\\/trytogiveback.org\\\/wp-content\\\/uploads\\\/2021\\\/02\\\/hands-4091879_1280-1024x648.jpg\",\"contentUrl\":\"https:\\\/\\\/trytogiveback.org\\\/wp-content\\\/uploads\\\/2021\\\/02\\\/hands-4091879_1280-1024x648.jpg\"},{\"@type\":\"BreadcrumbList\",\"@id\":\"https:\\\/\\\/trytogiveback.org\\\/sustainable_living\\\/#breadcrumb\",\"itemListElement\":[{\"@type\":\"ListItem\",\"position\":1,\"name\":\"Home\",\"item\":\"https:\\\/\\\/trytogiveback.org\\\/\"},{\"@type\":\"ListItem\",\"position\":2,\"name\":\"Sustainable Living\"}]},{\"@type\":\"WebSite\",\"@id\":\"https:\\\/\\\/trytogiveback.org\\\/#website\",\"url\":\"https:\\\/\\\/trytogiveback.org\\\/\",\"name\":\"Alveto Expedition\",\"description\":\"Be the Change you Want to see in the World\",\"publisher\":{\"@id\":\"https:\\\/\\\/trytogiveback.org\\\/#organization\"},\"potentialAction\":[{\"@type\":\"SearchAction\",\"target\":{\"@type\":\"EntryPoint\",\"urlTemplate\":\"https:\\\/\\\/trytogiveback.org\\\/?s={search_term_string}\"},\"query-input\":{\"@type\":\"PropertyValueSpecification\",\"valueRequired\":true,\"valueName\":\"search_term_string\"}}],\"inLanguage\":\"it-IT\"},{\"@type\":\"Organization\",\"@id\":\"https:\\\/\\\/trytogiveback.org\\\/#organization\",\"name\":\"Try to Give Back\",\"url\":\"https:\\\/\\\/trytogiveback.org\\\/\",\"logo\":{\"@type\":\"ImageObject\",\"inLanguage\":\"it-IT\",\"@id\":\"https:\\\/\\\/trytogiveback.org\\\/#\\\/schema\\\/logo\\\/image\\\/\",\"url\":\"https:\\\/\\\/trytogiveback.org\\\/wp-content\\\/uploads\\\/2020\\\/11\\\/TRY-TO-GB-LOGO-blu-lighter.png\",\"contentUrl\":\"https:\\\/\\\/trytogiveback.org\\\/wp-content\\\/uploads\\\/2020\\\/11\\\/TRY-TO-GB-LOGO-blu-lighter.png\",\"width\":7712,\"height\":2000,\"caption\":\"Try to Give Back\"},\"image\":{\"@id\":\"https:\\\/\\\/trytogiveback.org\\\/#\\\/schema\\\/logo\\\/image\\\/\"},\"sameAs\":[\"https:\\\/\\\/www.instagram.com\\\/trytogiveback\"]}]}<\/script>\n<!-- \/ Yoast SEO plugin. -->","yoast_head_json":{"title":"Sustainable Living - Alveto Expedition","robots":{"index":"index","follow":"follow","max-snippet":"max-snippet:-1","max-image-preview":"max-image-preview:large","max-video-preview":"max-video-preview:-1"},"canonical":"https:\/\/trytogiveback.org\/it\/sustainable_living\/","og_locale":"it_IT","og_type":"article","og_title":"Sustainable Living - Alveto Expedition","og_description":"WAYS TO LIVE A MORE SUSTAINABLE LIFESTYLE Sustainable living involves reducing the amount of Earth\u2019s resources that you use to help protect our planet People are starting to come around to the idea that we need to become more sustainable to protect the Earth for future generations. Everything you do in your day-to-day life has [&hellip;]","og_url":"https:\/\/trytogiveback.org\/it\/sustainable_living\/","og_site_name":"Alveto Expedition","article_modified_time":"2021-02-18T21:01:21+00:00","og_image":[{"url":"https:\/\/trytogiveback.org\/wp-content\/uploads\/2021\/02\/hands-4091879_1280-1024x648.jpg","type":"","width":"","height":""}],"twitter_card":"summary_large_image","schema":{"@context":"https:\/\/schema.org","@graph":[{"@type":"WebPage","@id":"https:\/\/trytogiveback.org\/sustainable_living\/","url":"https:\/\/trytogiveback.org\/sustainable_living\/","name":"Sustainable Living - Alveto Expedition","isPartOf":{"@id":"https:\/\/trytogiveback.org\/#website"},"primaryImageOfPage":{"@id":"https:\/\/trytogiveback.org\/sustainable_living\/#primaryimage"},"image":{"@id":"https:\/\/trytogiveback.org\/sustainable_living\/#primaryimage"},"thumbnailUrl":"https:\/\/trytogiveback.org\/wp-content\/uploads\/2021\/02\/hands-4091879_1280-1024x648.jpg","datePublished":"2021-02-13T10:17:01+00:00","dateModified":"2021-02-18T21:01:21+00:00","breadcrumb":{"@id":"https:\/\/trytogiveback.org\/sustainable_living\/#breadcrumb"},"inLanguage":"it-IT","potentialAction":[{"@type":"ReadAction","target":["https:\/\/trytogiveback.org\/sustainable_living\/"]}]},{"@type":"ImageObject","inLanguage":"it-IT","@id":"https:\/\/trytogiveback.org\/sustainable_living\/#primaryimage","url":"https:\/\/trytogiveback.org\/wp-content\/uploads\/2021\/02\/hands-4091879_1280-1024x648.jpg","contentUrl":"https:\/\/trytogiveback.org\/wp-content\/uploads\/2021\/02\/hands-4091879_1280-1024x648.jpg"},{"@type":"BreadcrumbList","@id":"https:\/\/trytogiveback.org\/sustainable_living\/#breadcrumb","itemListElement":[{"@type":"ListItem","position":1,"name":"Home","item":"https:\/\/trytogiveback.org\/"},{"@type":"ListItem","position":2,"name":"Sustainable Living"}]},{"@type":"WebSite","@id":"https:\/\/trytogiveback.org\/#website","url":"https:\/\/trytogiveback.org\/","name":"Alveto Expedition","description":"Be the Change you Want to see in the World","publisher":{"@id":"https:\/\/trytogiveback.org\/#organization"},"potentialAction":[{"@type":"SearchAction","target":{"@type":"EntryPoint","urlTemplate":"https:\/\/trytogiveback.org\/?s={search_term_string}"},"query-input":{"@type":"PropertyValueSpecification","valueRequired":true,"valueName":"search_term_string"}}],"inLanguage":"it-IT"},{"@type":"Organization","@id":"https:\/\/trytogiveback.org\/#organization","name":"Try to Give Back","url":"https:\/\/trytogiveback.org\/","logo":{"@type":"ImageObject","inLanguage":"it-IT","@id":"https:\/\/trytogiveback.org\/#\/schema\/logo\/image\/","url":"https:\/\/trytogiveback.org\/wp-content\/uploads\/2020\/11\/TRY-TO-GB-LOGO-blu-lighter.png","contentUrl":"https:\/\/trytogiveback.org\/wp-content\/uploads\/2020\/11\/TRY-TO-GB-LOGO-blu-lighter.png","width":7712,"height":2000,"caption":"Try to Give Back"},"image":{"@id":"https:\/\/trytogiveback.org\/#\/schema\/logo\/image\/"},"sameAs":["https:\/\/www.instagram.com\/trytogiveback"]}]}},"campaignId":"","jetpack_sharing_enabled":true,"_links":{"self":[{"href":"https:\/\/trytogiveback.org\/it\/wp-json\/wp\/v2\/pages\/2557","targetHints":{"allow":["GET"]}}],"collection":[{"href":"https:\/\/trytogiveback.org\/it\/wp-json\/wp\/v2\/pages"}],"about":[{"href":"https:\/\/trytogiveback.org\/it\/wp-json\/wp\/v2\/types\/page"}],"author":[{"embeddable":true,"href":"https:\/\/trytogiveback.org\/it\/wp-json\/wp\/v2\/users\/1"}],"replies":[{"embeddable":true,"href":"https:\/\/trytogiveback.org\/it\/wp-json\/wp\/v2\/comments?post=2557"}],"version-history":[{"count":40,"href":"https:\/\/trytogiveback.org\/it\/wp-json\/wp\/v2\/pages\/2557\/revisions"}],"predecessor-version":[{"id":2926,"href":"https:\/\/trytogiveback.org\/it\/wp-json\/wp\/v2\/pages\/2557\/revisions\/2926"}],"wp:attachment":[{"href":"https:\/\/trytogiveback.org\/it\/wp-json\/wp\/v2\/media?parent=2557"}],"curies":[{"name":"wp","href":"https:\/\/api.w.org\/{rel}","templated":true}]}}