{"id":2461,"date":"2021-02-11T22:22:58","date_gmt":"2021-02-11T22:22:58","guid":{"rendered":"https:\/\/trytogiveback.org\/?page_id=2461"},"modified":"2021-02-13T11:30:31","modified_gmt":"2021-02-13T11:30:31","slug":"healthy-eating-habits","status":"publish","type":"page","link":"https:\/\/trytogiveback.org\/it\/healthy-eating-habits\/","title":{"rendered":"Sane Abitudini Alimentari"},"content":{"rendered":"<div data-elementor-type=\"wp-page\" data-elementor-id=\"2461\" class=\"elementor elementor-2461\">\n\t\t\t\t\t\t<section class=\"elementor-section elementor-top-section elementor-element elementor-element-e7bce23 elementor-section-boxed elementor-section-height-default elementor-section-height-default\" data-id=\"e7bce23\" data-element_type=\"section\" data-e-type=\"section\">\n\t\t\t\t\t\t<div class=\"elementor-container elementor-column-gap-default\">\n\t\t\t\t\t<div class=\"elementor-column elementor-col-100 elementor-top-column elementor-element elementor-element-c59908a\" data-id=\"c59908a\" data-element_type=\"column\" data-e-type=\"column\">\n\t\t\t<div class=\"elementor-widget-wrap elementor-element-populated\">\n\t\t\t\t\t\t<div class=\"elementor-element elementor-element-4488189 elementor-widget elementor-widget-heading\" data-id=\"4488189\" data-element_type=\"widget\" data-e-type=\"widget\" data-widget_type=\"heading.default\">\n\t\t\t\t<div class=\"elementor-widget-container\">\n\t\t\t\t\t<h2 class=\"elementor-heading-title elementor-size-default\">Sane Abitudini Alimentari<\/h2>\t\t\t\t<\/div>\n\t\t\t\t<\/div>\n\t\t\t\t<div class=\"elementor-element elementor-element-0eeed36 elementor-widget-divider--view-line elementor-widget elementor-widget-divider\" data-id=\"0eeed36\" data-element_type=\"widget\" data-e-type=\"widget\" data-widget_type=\"divider.default\">\n\t\t\t\t<div class=\"elementor-widget-container\">\n\t\t\t\t\t\t\t<div class=\"elementor-divider\">\n\t\t\t<span class=\"elementor-divider-separator\">\n\t\t\t\t\t\t<\/span>\n\t\t<\/div>\n\t\t\t\t\t\t<\/div>\n\t\t\t\t<\/div>\n\t\t\t\t\t<\/div>\n\t\t<\/div>\n\t\t\t\t\t<\/div>\n\t\t<\/section>\n\t\t\t\t<section class=\"elementor-section elementor-top-section elementor-element elementor-element-eb59c1c elementor-section-boxed elementor-section-height-default elementor-section-height-default\" data-id=\"eb59c1c\" data-element_type=\"section\" data-e-type=\"section\">\n\t\t\t\t\t\t<div class=\"elementor-container elementor-column-gap-default\">\n\t\t\t\t\t<div class=\"elementor-column elementor-col-50 elementor-top-column elementor-element elementor-element-0eec1c9\" data-id=\"0eec1c9\" data-element_type=\"column\" data-e-type=\"column\">\n\t\t\t<div class=\"elementor-widget-wrap elementor-element-populated\">\n\t\t\t\t\t\t<div class=\"elementor-element elementor-element-d59e529 elementor-widget elementor-widget-image\" data-id=\"d59e529\" data-element_type=\"widget\" data-e-type=\"widget\" data-widget_type=\"image.default\">\n\t\t\t\t<div class=\"elementor-widget-container\">\n\t\t\t\t\t\t\t\t\t\t\t\t\t\t\t<img fetchpriority=\"high\" decoding=\"async\" width=\"1024\" height=\"890\" src=\"https:\/\/trytogiveback.org\/wp-content\/uploads\/2021\/02\/vegan-5455065_1280-1024x890.png\" class=\"attachment-large size-large wp-image-2478\" alt=\"\" srcset=\"https:\/\/trytogiveback.org\/wp-content\/uploads\/2021\/02\/vegan-5455065_1280-1024x890.png 1024w, https:\/\/trytogiveback.org\/wp-content\/uploads\/2021\/02\/vegan-5455065_1280-300x261.png 300w, https:\/\/trytogiveback.org\/wp-content\/uploads\/2021\/02\/vegan-5455065_1280-768x667.png 768w, https:\/\/trytogiveback.org\/wp-content\/uploads\/2021\/02\/vegan-5455065_1280-14x12.png 14w, https:\/\/trytogiveback.org\/wp-content\/uploads\/2021\/02\/vegan-5455065_1280.png 1280w\" sizes=\"(max-width: 1024px) 100vw, 1024px\" \/>\t\t\t\t\t\t\t\t\t\t\t\t\t\t\t<\/div>\n\t\t\t\t<\/div>\n\t\t\t\t\t<\/div>\n\t\t<\/div>\n\t\t\t\t<div class=\"elementor-column elementor-col-50 elementor-top-column elementor-element elementor-element-916c7ee\" data-id=\"916c7ee\" data-element_type=\"column\" data-e-type=\"column\">\n\t\t\t<div class=\"elementor-widget-wrap elementor-element-populated\">\n\t\t\t\t\t\t<div class=\"elementor-element elementor-element-bc4c510 elementor-widget elementor-widget-heading\" data-id=\"bc4c510\" data-element_type=\"widget\" data-e-type=\"widget\" data-widget_type=\"heading.default\">\n\t\t\t\t<div class=\"elementor-widget-container\">\n\t\t\t\t\t<h4 class=\"elementor-heading-title elementor-size-default\">Migliorare le abitudini alimentari pu\u00f2 avere un enorme impatto sulla nostra salute collettiva e sulla salute del pianeta<\/h4>\t\t\t\t<\/div>\n\t\t\t\t<\/div>\n\t\t\t\t<div class=\"elementor-element elementor-element-076f518 elementor-widget elementor-widget-text-editor\" data-id=\"076f518\" data-element_type=\"widget\" data-e-type=\"widget\" data-widget_type=\"text-editor.default\">\n\t\t\t\t<div class=\"elementor-widget-container\">\n\t\t\t\t\t\t\t\t\t<p>Il cibo che mangiamo ha grandi effetti sulla nostra salute e sulla qualit\u00e0 della vita e una buona dieta pu\u00f2 migliorare non solo la funzione del cervello ma anche le nostre prestazioni fisiche.<\/p><p>Mangiare carne \u00e8 una parte importante del patrimonio e dell'identit\u00e0. \u00c8 un punto fermo culturale in molte comunit\u00e0 e paesi in tutto il mondo. Ma con l'aumento della classe media globale, le societ\u00e0 stanno diventando ossessionate dalla carne. In nessun altro luogo questo \u00e8 pi\u00f9 prevalente delle nazioni ricche, il cui appetito per la carne di manzo, maiale e pollo lavorato ha raggiunto un punto critico. La ricerca \u00e8 chiara - una dieta ricca di carne aumenta il rischio di obesit\u00e0, cancro e malattie cardiache, ma fa anche ammalare il nostro pianeta.<\/p><p>\u00a0Il settore agricolo zootecnico - l'allevamento di mucche, maiali e polli - genera tante emissioni di gas serra quante quelle di tutte le auto, i camion e le automobili messe insieme. Gli allevatori di bestiame hanno tagliato milioni di km quadrati di foreste per i pascoli, decimando i \"pozzi di carbonio\" naturali.<\/p>\t\t\t\t\t\t\t\t<\/div>\n\t\t\t\t<\/div>\n\t\t\t\t\t<\/div>\n\t\t<\/div>\n\t\t\t\t\t<\/div>\n\t\t<\/section>\n\t\t\t\t<section class=\"elementor-section elementor-top-section elementor-element elementor-element-0f9ea0b elementor-section-boxed elementor-section-height-default elementor-section-height-default\" data-id=\"0f9ea0b\" data-element_type=\"section\" data-e-type=\"section\">\n\t\t\t\t\t\t<div class=\"elementor-container elementor-column-gap-default\">\n\t\t\t\t\t<div class=\"elementor-column elementor-col-100 elementor-top-column elementor-element elementor-element-f2bee74\" data-id=\"f2bee74\" data-element_type=\"column\" data-e-type=\"column\">\n\t\t\t<div class=\"elementor-widget-wrap elementor-element-populated\">\n\t\t\t\t\t\t<div class=\"elementor-element elementor-element-2a6b29a elementor-widget elementor-widget-text-editor\" data-id=\"2a6b29a\" data-element_type=\"widget\" data-e-type=\"widget\" data-widget_type=\"text-editor.default\">\n\t\t\t\t<div class=\"elementor-widget-container\">\n\t\t\t\t\t\t\t\t\t<p>Non stiamo sostenendo che tutti dovrebbero adottare una dieta \"senza carne\" domani. Ma tutti dobbiamo sviluppare una \"coscienza della carne\" e ridurre il livello di carne nelle nostre diete. Passare a cibi pi\u00f9 vegetali \u00e8 essenziale per combattere il cambiamento climatico, l'inquinamento del suolo, dell'aria e dell'acqua, le zone morte degli oceani e una miriade di altri problemi causati dalla produzione industriale di bestiame. Se decidiamo di mangiare meno pasti con carne o latticini ogni settimana, possiamo avere un enorme impatto sulla nostra salute collettiva e sulla salute del pianeta.<\/p><p>Una dieta basata sulle piante, per esempio, \u00e8 una dieta che si concentra principalmente su alimenti di origine vegetale. Questo modo di mangiare pu\u00f2 avere dei benefici sia per la salute di una persona che per il pianeta.<\/p><p><strong>Cosa possiamo fare:<\/strong><\/p><ol><li>Impegnarci a ridurre il consumo di carne e latticini di qualche pasto alla settimana e consigliare ai nostri amici la scelta di trovare proteine alternative.<\/li><li>Far diventare frutta e verdura fresca la parte maggiore della nostra dieta.<\/li><li>Comprare prodotti freschi sostenibili o biologici quando \u00e8 possibile.<\/li><li>Provare i diversi tipi di dieta che riducono al minimo la carne.<\/li><\/ol><p><strong>La differenza tra diversi piani di dieta:<\/strong><\/p><p><strong><u>Vegano:<\/u><\/strong>\u00a0I vegani evitano completamente i prodotti animali, non mangiando carne, latticini, uova, pesce e persino miele. Molti estendono le loro abitudini anche ad altre aree della loro vita, come non comprare o indossare prodotti in pelle o pelliccia.<\/p><p><strong><u>Vegetariano:<\/u><\/strong>I vegetariani non mangiano carne, ma possono mangiare latticini, uova e altri prodotti in cui un animale \u00e8 stato coinvolto nel processo ma non ucciso.<\/p><p><strong><u>Pescatariano:<\/u><\/strong>\u00a0Le persone che non mangiano carne ma mangiano pesce sono pescatariani. La maggior parte dei pescatariani mangia latticini e uova, ma alcuni non lo fanno.<\/p><p><strong><u>Flexitariano:<\/u><\/strong>Questa \u00e8 una persona che ha una dieta principalmente vegetariana, ma occasionalmente mangia pesce o carne.<\/p><p><strong><u>A base di piante:<\/u><\/strong>\u00c8 una persona che segue una dieta a base vegetale e pu\u00f2 mangiare carne, ma non ne fa l'obiettivo principale della sua dieta o dei suoi pasti. (\u00c8 abbastanza simile al flexitarianismo).<\/p>\t\t\t\t\t\t\t\t<\/div>\n\t\t\t\t<\/div>\n\t\t\t\t<div class=\"elementor-element elementor-element-6ab6486 elementor-widget elementor-widget-text-editor\" data-id=\"6ab6486\" data-element_type=\"widget\" data-e-type=\"widget\" data-widget_type=\"text-editor.default\">\n\t\t\t\t<div class=\"elementor-widget-container\">\n\t\t\t\t\t\t\t\t\t<p><strong>fonti:<\/strong><\/p><p><a href=\"https:\/\/www.medicalnewstoday.com\/articles\/326176#benefits\" target=\"_blank\" rel=\"noopener\">www.medicalnewstoday.com\/articles\/326176#benefits<\/a><\/p><p><a href=\"https:\/\/www.greenpeace.org\/usa\/sustainable-agriculture\/eco-farming\/eat-more-plants\/\" target=\"_blank\" rel=\"noopener\">www.greenpeace.org\/usa\/sustainable-agriculture\/eco-farming\/eat-more-plants\/<\/a><\/p>\t\t\t\t\t\t\t\t<\/div>\n\t\t\t\t<\/div>\n\t\t\t\t\t<\/div>\n\t\t<\/div>\n\t\t\t\t\t<\/div>\n\t\t<\/section>\n\t\t\t\t<\/div>","protected":false},"excerpt":{"rendered":"<p>Healthy Eating Habits Improving food habits can have a huge impact on our collective health and the health of the planet The food you eat have big effects on your health and quality of life and a good diet can improve not only the brain function but also your physical performance. Eating meat is an [&hellip;]<\/p>\n","protected":false},"author":1,"featured_media":0,"parent":0,"menu_order":0,"comment_status":"closed","ping_status":"closed","template":"","meta":{"give_campaign_id":0,"_monsterinsights_skip_tracking":false,"_monsterinsights_sitenote_active":false,"_monsterinsights_sitenote_note":"","_monsterinsights_sitenote_category":0,"site-sidebar-layout":"no-sidebar","site-content-layout":"page-builder","ast-site-content-layout":"default","site-content-style":"default","site-sidebar-style":"default","ast-global-header-display":"","ast-banner-title-visibility":"","ast-main-header-display":"","ast-hfb-above-header-display":"","ast-hfb-below-header-display":"","ast-hfb-mobile-header-display":"","site-post-title":"disabled","ast-breadcrumbs-content":"","ast-featured-img":"disabled","footer-sml-layout":"","ast-disable-related-posts":"","theme-transparent-header-meta":"default","adv-header-id-meta":"","stick-header-meta":"","header-above-stick-meta":"","header-main-stick-meta":"","header-below-stick-meta":"","astra-migrate-meta-layouts":"default","ast-page-background-enabled":"default","ast-page-background-meta":{"desktop":{"background-color":"","background-image":"","background-repeat":"repeat","background-position":"center center","background-size":"auto","background-attachment":"scroll","background-type":"","background-media":"","overlay-type":"","overlay-color":"","overlay-opacity":"","overlay-gradient":""},"tablet":{"background-color":"","background-image":"","background-repeat":"repeat","background-position":"center center","background-size":"auto","background-attachment":"scroll","background-type":"","background-media":"","overlay-type":"","overlay-color":"","overlay-opacity":"","overlay-gradient":""},"mobile":{"background-color":"","background-image":"","background-repeat":"repeat","background-position":"center center","background-size":"auto","background-attachment":"scroll","background-type":"","background-media":"","overlay-type":"","overlay-color":"","overlay-opacity":"","overlay-gradient":""}},"ast-content-background-meta":{"desktop":{"background-color":"var(--ast-global-color-5)","background-image":"","background-repeat":"repeat","background-position":"center center","background-size":"auto","background-attachment":"scroll","background-type":"","background-media":"","overlay-type":"","overlay-color":"","overlay-opacity":"","overlay-gradient":""},"tablet":{"background-color":"var(--ast-global-color-5)","background-image":"","background-repeat":"repeat","background-position":"center center","background-size":"auto","background-attachment":"scroll","background-type":"","background-media":"","overlay-type":"","overlay-color":"","overlay-opacity":"","overlay-gradient":""},"mobile":{"background-color":"var(--ast-global-color-5)","background-image":"","background-repeat":"repeat","background-position":"center center","background-size":"auto","background-attachment":"scroll","background-type":"","background-media":"","overlay-type":"","overlay-color":"","overlay-opacity":"","overlay-gradient":""}},"footnotes":""},"class_list":["post-2461","page","type-page","status-publish","hentry"],"yoast_head":"<!-- This site is optimized with the Yoast SEO plugin v27.3 - https:\/\/yoast.com\/product\/yoast-seo-wordpress\/ -->\n<title>Healthy Eating Habits - Alveto Expedition<\/title>\n<meta name=\"robots\" content=\"index, follow, max-snippet:-1, max-image-preview:large, max-video-preview:-1\" \/>\n<link rel=\"canonical\" href=\"https:\/\/trytogiveback.org\/it\/healthy-eating-habits\/\" \/>\n<meta property=\"og:locale\" content=\"it_IT\" \/>\n<meta property=\"og:type\" content=\"article\" \/>\n<meta property=\"og:title\" content=\"Healthy Eating Habits - Alveto Expedition\" \/>\n<meta property=\"og:description\" content=\"Healthy Eating Habits Improving food habits can have a huge impact on our collective health and the health of the planet The food you eat have big effects on your health and quality of life and a good diet can improve not only the brain function but also your physical performance. Eating meat is an [&hellip;]\" \/>\n<meta property=\"og:url\" content=\"https:\/\/trytogiveback.org\/it\/healthy-eating-habits\/\" \/>\n<meta property=\"og:site_name\" content=\"Alveto Expedition\" \/>\n<meta property=\"article:modified_time\" content=\"2021-02-13T11:30:31+00:00\" \/>\n<meta property=\"og:image\" content=\"https:\/\/trytogiveback.org\/wp-content\/uploads\/2021\/02\/vegan-5455065_1280-1024x890.png\" \/>\n<meta name=\"twitter:card\" content=\"summary_large_image\" \/>\n<script type=\"application\/ld+json\" class=\"yoast-schema-graph\">{\"@context\":\"https:\\\/\\\/schema.org\",\"@graph\":[{\"@type\":\"WebPage\",\"@id\":\"https:\\\/\\\/trytogiveback.org\\\/healthy-eating-habits\\\/\",\"url\":\"https:\\\/\\\/trytogiveback.org\\\/healthy-eating-habits\\\/\",\"name\":\"Healthy Eating Habits - Alveto Expedition\",\"isPartOf\":{\"@id\":\"https:\\\/\\\/trytogiveback.org\\\/#website\"},\"primaryImageOfPage\":{\"@id\":\"https:\\\/\\\/trytogiveback.org\\\/healthy-eating-habits\\\/#primaryimage\"},\"image\":{\"@id\":\"https:\\\/\\\/trytogiveback.org\\\/healthy-eating-habits\\\/#primaryimage\"},\"thumbnailUrl\":\"https:\\\/\\\/trytogiveback.org\\\/wp-content\\\/uploads\\\/2021\\\/02\\\/vegan-5455065_1280-1024x890.png\",\"datePublished\":\"2021-02-11T22:22:58+00:00\",\"dateModified\":\"2021-02-13T11:30:31+00:00\",\"breadcrumb\":{\"@id\":\"https:\\\/\\\/trytogiveback.org\\\/healthy-eating-habits\\\/#breadcrumb\"},\"inLanguage\":\"it-IT\",\"potentialAction\":[{\"@type\":\"ReadAction\",\"target\":[\"https:\\\/\\\/trytogiveback.org\\\/healthy-eating-habits\\\/\"]}]},{\"@type\":\"ImageObject\",\"inLanguage\":\"it-IT\",\"@id\":\"https:\\\/\\\/trytogiveback.org\\\/healthy-eating-habits\\\/#primaryimage\",\"url\":\"https:\\\/\\\/trytogiveback.org\\\/wp-content\\\/uploads\\\/2021\\\/02\\\/vegan-5455065_1280-1024x890.png\",\"contentUrl\":\"https:\\\/\\\/trytogiveback.org\\\/wp-content\\\/uploads\\\/2021\\\/02\\\/vegan-5455065_1280-1024x890.png\"},{\"@type\":\"BreadcrumbList\",\"@id\":\"https:\\\/\\\/trytogiveback.org\\\/healthy-eating-habits\\\/#breadcrumb\",\"itemListElement\":[{\"@type\":\"ListItem\",\"position\":1,\"name\":\"Home\",\"item\":\"https:\\\/\\\/trytogiveback.org\\\/\"},{\"@type\":\"ListItem\",\"position\":2,\"name\":\"Healthy Eating Habits\"}]},{\"@type\":\"WebSite\",\"@id\":\"https:\\\/\\\/trytogiveback.org\\\/#website\",\"url\":\"https:\\\/\\\/trytogiveback.org\\\/\",\"name\":\"Alveto Expedition\",\"description\":\"Be the Change you Want to see in the World\",\"publisher\":{\"@id\":\"https:\\\/\\\/trytogiveback.org\\\/#organization\"},\"potentialAction\":[{\"@type\":\"SearchAction\",\"target\":{\"@type\":\"EntryPoint\",\"urlTemplate\":\"https:\\\/\\\/trytogiveback.org\\\/?s={search_term_string}\"},\"query-input\":{\"@type\":\"PropertyValueSpecification\",\"valueRequired\":true,\"valueName\":\"search_term_string\"}}],\"inLanguage\":\"it-IT\"},{\"@type\":\"Organization\",\"@id\":\"https:\\\/\\\/trytogiveback.org\\\/#organization\",\"name\":\"Try to Give Back\",\"url\":\"https:\\\/\\\/trytogiveback.org\\\/\",\"logo\":{\"@type\":\"ImageObject\",\"inLanguage\":\"it-IT\",\"@id\":\"https:\\\/\\\/trytogiveback.org\\\/#\\\/schema\\\/logo\\\/image\\\/\",\"url\":\"https:\\\/\\\/trytogiveback.org\\\/wp-content\\\/uploads\\\/2020\\\/11\\\/TRY-TO-GB-LOGO-blu-lighter.png\",\"contentUrl\":\"https:\\\/\\\/trytogiveback.org\\\/wp-content\\\/uploads\\\/2020\\\/11\\\/TRY-TO-GB-LOGO-blu-lighter.png\",\"width\":7712,\"height\":2000,\"caption\":\"Try to Give Back\"},\"image\":{\"@id\":\"https:\\\/\\\/trytogiveback.org\\\/#\\\/schema\\\/logo\\\/image\\\/\"},\"sameAs\":[\"https:\\\/\\\/www.instagram.com\\\/trytogiveback\"]}]}<\/script>\n<!-- \/ Yoast SEO plugin. -->","yoast_head_json":{"title":"Healthy Eating Habits - Alveto Expedition","robots":{"index":"index","follow":"follow","max-snippet":"max-snippet:-1","max-image-preview":"max-image-preview:large","max-video-preview":"max-video-preview:-1"},"canonical":"https:\/\/trytogiveback.org\/it\/healthy-eating-habits\/","og_locale":"it_IT","og_type":"article","og_title":"Healthy Eating Habits - Alveto Expedition","og_description":"Healthy Eating Habits Improving food habits can have a huge impact on our collective health and the health of the planet The food you eat have big effects on your health and quality of life and a good diet can improve not only the brain function but also your physical performance. Eating meat is an [&hellip;]","og_url":"https:\/\/trytogiveback.org\/it\/healthy-eating-habits\/","og_site_name":"Alveto Expedition","article_modified_time":"2021-02-13T11:30:31+00:00","og_image":[{"url":"https:\/\/trytogiveback.org\/wp-content\/uploads\/2021\/02\/vegan-5455065_1280-1024x890.png","type":"","width":"","height":""}],"twitter_card":"summary_large_image","schema":{"@context":"https:\/\/schema.org","@graph":[{"@type":"WebPage","@id":"https:\/\/trytogiveback.org\/healthy-eating-habits\/","url":"https:\/\/trytogiveback.org\/healthy-eating-habits\/","name":"Healthy Eating Habits - Alveto Expedition","isPartOf":{"@id":"https:\/\/trytogiveback.org\/#website"},"primaryImageOfPage":{"@id":"https:\/\/trytogiveback.org\/healthy-eating-habits\/#primaryimage"},"image":{"@id":"https:\/\/trytogiveback.org\/healthy-eating-habits\/#primaryimage"},"thumbnailUrl":"https:\/\/trytogiveback.org\/wp-content\/uploads\/2021\/02\/vegan-5455065_1280-1024x890.png","datePublished":"2021-02-11T22:22:58+00:00","dateModified":"2021-02-13T11:30:31+00:00","breadcrumb":{"@id":"https:\/\/trytogiveback.org\/healthy-eating-habits\/#breadcrumb"},"inLanguage":"it-IT","potentialAction":[{"@type":"ReadAction","target":["https:\/\/trytogiveback.org\/healthy-eating-habits\/"]}]},{"@type":"ImageObject","inLanguage":"it-IT","@id":"https:\/\/trytogiveback.org\/healthy-eating-habits\/#primaryimage","url":"https:\/\/trytogiveback.org\/wp-content\/uploads\/2021\/02\/vegan-5455065_1280-1024x890.png","contentUrl":"https:\/\/trytogiveback.org\/wp-content\/uploads\/2021\/02\/vegan-5455065_1280-1024x890.png"},{"@type":"BreadcrumbList","@id":"https:\/\/trytogiveback.org\/healthy-eating-habits\/#breadcrumb","itemListElement":[{"@type":"ListItem","position":1,"name":"Home","item":"https:\/\/trytogiveback.org\/"},{"@type":"ListItem","position":2,"name":"Healthy Eating Habits"}]},{"@type":"WebSite","@id":"https:\/\/trytogiveback.org\/#website","url":"https:\/\/trytogiveback.org\/","name":"Alveto Expedition","description":"Be the Change you Want to see in the World","publisher":{"@id":"https:\/\/trytogiveback.org\/#organization"},"potentialAction":[{"@type":"SearchAction","target":{"@type":"EntryPoint","urlTemplate":"https:\/\/trytogiveback.org\/?s={search_term_string}"},"query-input":{"@type":"PropertyValueSpecification","valueRequired":true,"valueName":"search_term_string"}}],"inLanguage":"it-IT"},{"@type":"Organization","@id":"https:\/\/trytogiveback.org\/#organization","name":"Try to Give Back","url":"https:\/\/trytogiveback.org\/","logo":{"@type":"ImageObject","inLanguage":"it-IT","@id":"https:\/\/trytogiveback.org\/#\/schema\/logo\/image\/","url":"https:\/\/trytogiveback.org\/wp-content\/uploads\/2020\/11\/TRY-TO-GB-LOGO-blu-lighter.png","contentUrl":"https:\/\/trytogiveback.org\/wp-content\/uploads\/2020\/11\/TRY-TO-GB-LOGO-blu-lighter.png","width":7712,"height":2000,"caption":"Try to Give Back"},"image":{"@id":"https:\/\/trytogiveback.org\/#\/schema\/logo\/image\/"},"sameAs":["https:\/\/www.instagram.com\/trytogiveback"]}]}},"campaignId":"","jetpack_sharing_enabled":true,"_links":{"self":[{"href":"https:\/\/trytogiveback.org\/it\/wp-json\/wp\/v2\/pages\/2461","targetHints":{"allow":["GET"]}}],"collection":[{"href":"https:\/\/trytogiveback.org\/it\/wp-json\/wp\/v2\/pages"}],"about":[{"href":"https:\/\/trytogiveback.org\/it\/wp-json\/wp\/v2\/types\/page"}],"author":[{"embeddable":true,"href":"https:\/\/trytogiveback.org\/it\/wp-json\/wp\/v2\/users\/1"}],"replies":[{"embeddable":true,"href":"https:\/\/trytogiveback.org\/it\/wp-json\/wp\/v2\/comments?post=2461"}],"version-history":[{"count":35,"href":"https:\/\/trytogiveback.org\/it\/wp-json\/wp\/v2\/pages\/2461\/revisions"}],"predecessor-version":[{"id":2613,"href":"https:\/\/trytogiveback.org\/it\/wp-json\/wp\/v2\/pages\/2461\/revisions\/2613"}],"wp:attachment":[{"href":"https:\/\/trytogiveback.org\/it\/wp-json\/wp\/v2\/media?parent=2461"}],"curies":[{"name":"wp","href":"https:\/\/api.w.org\/{rel}","templated":true}]}}